{"id":40,"date":"2025-07-25T00:02:43","date_gmt":"2025-07-24T22:02:43","guid":{"rendered":"https:\/\/expo.usac.edu.gt\/cumbre\/?page_id=40"},"modified":"2025-08-14T16:03:52","modified_gmt":"2025-08-14T14:03:52","slug":"programa-propuesto","status":"publish","type":"page","link":"https:\/\/expo.usac.edu.gt\/cumbre\/programa-propuesto\/","title":{"rendered":"Programa"},"content":{"rendered":"\n<figure class=\"wp-block-table\"><table class=\"has-fixed-layout\"><tbody><tr><td class=\"has-text-align-center\" data-align=\"center\"><strong>Hora<\/strong><\/td><td class=\"has-text-align-center\" data-align=\"center\"><strong>Actividad<\/strong><\/td><td class=\"has-text-align-center\" data-align=\"center\"><strong>Lugar<\/strong><\/td><\/tr><tr><td class=\"has-text-align-center\" data-align=\"center\">09:00 &#8211; 09:30<\/td><td class=\"has-text-align-center\" data-align=\"center\">Inauguraci\u00f3n Oficial de la Actividad<\/td><td class=\"has-text-align-center\" data-align=\"center\">Aula Magna \u00abIgl\u00fa\u00bb<\/td><\/tr><tr><td class=\"has-text-align-center\" data-align=\"center\">9:30 &#8211; 10:15<\/td><td class=\"has-text-align-center\" data-align=\"center\">Plenaria Inaugural<\/td><td class=\"has-text-align-center\" data-align=\"center\">Aula Magna \u00abIgl\u00fa\u00bb<\/td><\/tr><tr><td class=\"has-text-align-center\" data-align=\"center\">10:30 &#8211; 12:00 <\/td><td class=\"has-text-align-center\" data-align=\"center\">Experiencia inmersiva &#8211; mapping&nbsp;<\/td><td class=\"has-text-align-center\" data-align=\"center\">Aula Magna \u00abIgl\u00fa\u00bb<\/td><\/tr><\/tbody><\/table><\/figure>\n\n\n\n<figure class=\"wp-block-table\"><table class=\"has-fixed-layout\"><tbody><tr><td class=\"has-text-align-center\" data-align=\"center\"><strong>Hora<\/strong><\/td><td class=\"has-text-align-center\" data-align=\"center\"><strong>Actividad<\/strong><\/td><td class=\"has-text-align-center\" data-align=\"center\"><strong>Lugar<\/strong><\/td><td class=\"has-text-align-center\" data-align=\"center\"><strong>Responsable<\/strong><\/td><\/tr><tr><td class=\"has-text-align-center\" data-align=\"center\">9:00 &#8211; 17:00<\/td><td class=\"has-text-align-center\" data-align=\"center\">Actividades Interactivas<\/td><td class=\"has-text-align-center\" data-align=\"center\">Biblioteca Central, 4to Nivel<\/td><td class=\"has-text-align-center\" data-align=\"center\">FabLab (DIGI)<br>Estaci\u00f3n de Realidad Virtual (Biblioteca)<\/td><\/tr><\/tbody><\/table><\/figure>\n\n\n\n<figure class=\"wp-block-table\"><table class=\"has-fixed-layout\"><tbody><tr><td class=\"has-text-align-center\" data-align=\"center\"><strong>Hora<\/strong><\/td><td class=\"has-text-align-center\" data-align=\"center\"><strong>Actividad<\/strong><\/td><td class=\"has-text-align-center\" data-align=\"center\"><strong>Lugar<\/strong><\/td><td class=\"has-text-align-center\" data-align=\"center\"><strong>Expositor<\/strong><\/td><\/tr><tr><td class=\"has-text-align-center\" data-align=\"center\">10:30 &#8211; 12:00<\/td><td class=\"has-text-align-center\" data-align=\"center\">Conferencias simult\u00e1neas<br>\u201c\u00bfC\u00f3mo puede la IA mejorar la educaci\u00f3n superior?\u201d<\/td><td class=\"has-text-align-center\" data-align=\"center\">* Biblioteca\u00a0 Central<br><br><br>* Auditorio Mario L\u00f3pez Larrave Facultad de Ciencias Jur\u00eddicas y Sociales, Edificio S7<br><br>* Auditorio Roltz Bennet Facultad de Humanidades, edificio S4<br><br>* Auditorio Francisco Vela, Facultad de Ingenieria, edificio T3<br><br>* Auditorio \u00c1lvaro Castillo Urrutia, Facultad de Ciencias Econ\u00f3micas, edificio S8<br><br>*Auditorio Facultad de Arquitectura, edificio T2<\/td><td class=\"has-text-align-center\" data-align=\"center\">* Juan Carlos Saravia\u00a0<br>Instituci\u00f3n: Rabidxuan<br><br>* Dr. Leonardo David Glasserman Morales<br>Tecnol\u00f3gico de Monterrey, M\u00e9xico<br><br>* \u00a0Dr. Jos\u00e9Antonio Canchola<br>Tecnol\u00f3gico de Monterrey, M\u00e9xico<br><br>* Jorge Alberto Vargas<br>Universidad Tecnol\u00f3gica de Honduras<br><br>* Ingeniero Am\u00e9rico Sirvente<br>Universidad de San Juan, Argentina.<br><br>* Dra. Nicia Guill\u00e9n Yparrea\u00a0<br>Tecnol\u00f3gico de Monterrey, M\u00e9xico<\/td><\/tr><tr><td class=\"has-text-align-center\" data-align=\"center\">12:00 &#8211; 13:30<\/td><td class=\"has-text-align-center\" data-align=\"center\">Almuerzo<\/td><td class=\"has-text-align-center\" data-align=\"center\"><\/td><td class=\"has-text-align-center\" data-align=\"center\"><\/td><\/tr><\/tbody><\/table><\/figure>\n\n\n\n<p><\/p>\n\n\n\n<figure class=\"wp-block-table\"><table class=\"has-fixed-layout\"><tbody><tr><td class=\"has-text-align-center\" data-align=\"center\"><strong>Hora<\/strong><\/td><td class=\"has-text-align-center\" data-align=\"center\"><strong>Actividad<\/strong><\/td><td class=\"has-text-align-center\" data-align=\"center\"><strong>Lugar<\/strong><\/td><td class=\"has-text-align-center\" data-align=\"center\"><strong>Expositor<\/strong><\/td><\/tr><tr><td class=\"has-text-align-center\" data-align=\"center\">14:00 &#8211; 15:30<\/td><td class=\"has-text-align-center\" data-align=\"center\">Conferencias simult\u00e1neas<br>\u201cIA y liderazgo estudiantil: desaf\u00edos y oportunidades\u201d<\/td><td class=\"has-text-align-center\" data-align=\"center\">* Biblioteca\u00a0 Central<br><br><br><br>* Auditorio Mario L\u00f3pez Larrave Facultad de Ciencias Jur\u00eddicas y Sociales, edificio S7<br><br>* Auditorio Roltz Bennet Facultad de Humanidades, edificio S4<br><br>* Auditorio Francisco Vela, Facultad de Ingenieria, edificio T3<\/td><td class=\"has-text-align-center\" data-align=\"center\">* Inge. Jos\u00e9 David Valerio<br>Profesional Universidad Tecnol\u00f3gica de Honduras<br><br>* Yen Caballero-Gonz\u00e1lez<br>Instituci\u00f3n: Fundaci\u00f3n Ciudad del Saber y SENACYT Panam\u00e1.<br><br>* Rub\u00e9n Edel Navarro<br>Profesional Universidad Veracruzana<br><br>*Juan Jos\u00e9 Victoria Maldonado. Universidad de Granada<br><\/td><\/tr><\/tbody><\/table><\/figure>\n\n\n\n<figure class=\"wp-block-table\"><table class=\"has-fixed-layout\"><tbody><tr><td class=\"has-text-align-center\" data-align=\"center\"><strong>Hora<\/strong><\/td><td class=\"has-text-align-center\" data-align=\"center\"><strong>Actividad<\/strong><\/td><td class=\"has-text-align-center\" data-align=\"center\"><strong>Lugar<\/strong><\/td><td class=\"has-text-align-center\" data-align=\"center\"><strong>Expositor<\/strong><\/td><\/tr><tr><td class=\"has-text-align-center\" data-align=\"center\">14:00 &#8211; 15:30<\/td><td class=\"has-text-align-center\" data-align=\"center\">Educaci\u00f3n inmersiva:  IA centrada en la codificaci\u00f3n&nbsp;<\/td><td class=\"has-text-align-center\" data-align=\"center\">Auditorio \u00c1lvaro Castillo Urrutia, Facultad de Ciencias Econ\u00f3micas, edificio S8<\/td><td class=\"has-text-align-center\" data-align=\"center\">Staff Samsung Innovation Campus<\/td><\/tr><\/tbody><\/table><\/figure>\n\n\n\n<figure class=\"wp-block-table\"><table class=\"has-fixed-layout\"><tbody><tr><td class=\"has-text-align-center\" data-align=\"center\"><strong>Hora<\/strong><\/td><td class=\"has-text-align-center\" data-align=\"center\"><strong>Actividad<\/strong><\/td><td class=\"has-text-align-center\" data-align=\"center\"><strong>Lugar<\/strong><\/td><td class=\"has-text-align-center\" data-align=\"center\"><strong>Expositor<\/strong><\/td><\/tr><tr><td class=\"has-text-align-center\" data-align=\"center\">15:30 a 17:00<\/td><td class=\"has-text-align-center\" data-align=\"center\">Conferencia-taller:<br>El poder de la narrativa en un mundo de bloques.<br>De la construcci\u00f3n al storytelling<\/td><td class=\"has-text-align-center\" data-align=\"center\">Aula Magna \u00abIgl\u00fa\u00bb<\/td><td class=\"has-text-align-center\" data-align=\"center\">Bobicraft<\/td><\/tr><tr><td class=\"has-text-align-center\" data-align=\"center\">17:00 a 18:00<\/td><td class=\"has-text-align-center\" data-align=\"center\">Premiaci\u00f3n de  Proyectos<\/td><td class=\"has-text-align-center\" data-align=\"center\">Aula Magna \u00abIgl\u00fa\u00bb<\/td><td class=\"has-text-align-center\" data-align=\"center\">Autoridades Universitarias<\/td><\/tr><\/tbody><\/table><\/figure>\n\n\n\n<figure class=\"wp-block-image size-full\"><a href=\"https:\/\/cumbre.usac.edu.gt\/?key=eventos&amp;key2=688bca8b523caba7cd34cae6\"><img loading=\"lazy\" decoding=\"async\" width=\"350\" height=\"90\" src=\"https:\/\/expo.usac.edu.gt\/cumbre\/wp-content\/uploads\/2025\/08\/INSCRIBETE-BOTON.png\" alt=\"\" class=\"wp-image-63\" srcset=\"https:\/\/expo.usac.edu.gt\/cumbre\/wp-content\/uploads\/2025\/08\/INSCRIBETE-BOTON.png 350w, https:\/\/expo.usac.edu.gt\/cumbre\/wp-content\/uploads\/2025\/08\/INSCRIBETE-BOTON-300x77.png 300w\" sizes=\"auto, (max-width: 350px) 100vw, 350px\" \/><\/a><\/figure>\n\n\n\n<p><\/p>\n","protected":false},"excerpt":{"rendered":"<p>Hora Actividad Lugar 09:00 &#8211; 09:30 Inauguraci\u00f3n Oficial de la Actividad Aula Magna \u00abIgl\u00fa\u00bb 9:30 &#8211; 10:15 Plenaria Inaugural Aula Magna \u00abIgl\u00fa\u00bb 10:30 &#8211; 12:00 Experiencia inmersiva &#8211; mapping&nbsp; Aula Magna \u00abIgl\u00fa\u00bb Hora Actividad Lugar Responsable 9:00 &#8211; 17:00 Actividades<\/p>\n","protected":false},"author":2,"featured_media":0,"parent":0,"menu_order":0,"comment_status":"closed","ping_status":"closed","template":"","meta":{"footnotes":""},"class_list":["post-40","page","type-page","status-publish","hentry"],"_links":{"self":[{"href":"https:\/\/expo.usac.edu.gt\/cumbre\/wp-json\/wp\/v2\/pages\/40","targetHints":{"allow":["GET"]}}],"collection":[{"href":"https:\/\/expo.usac.edu.gt\/cumbre\/wp-json\/wp\/v2\/pages"}],"about":[{"href":"https:\/\/expo.usac.edu.gt\/cumbre\/wp-json\/wp\/v2\/types\/page"}],"author":[{"embeddable":true,"href":"https:\/\/expo.usac.edu.gt\/cumbre\/wp-json\/wp\/v2\/users\/2"}],"replies":[{"embeddable":true,"href":"https:\/\/expo.usac.edu.gt\/cumbre\/wp-json\/wp\/v2\/comments?post=40"}],"version-history":[{"count":14,"href":"https:\/\/expo.usac.edu.gt\/cumbre\/wp-json\/wp\/v2\/pages\/40\/revisions"}],"predecessor-version":[{"id":98,"href":"https:\/\/expo.usac.edu.gt\/cumbre\/wp-json\/wp\/v2\/pages\/40\/revisions\/98"}],"wp:attachment":[{"href":"https:\/\/expo.usac.edu.gt\/cumbre\/wp-json\/wp\/v2\/media?parent=40"}],"curies":[{"name":"wp","href":"https:\/\/api.w.org\/{rel}","templated":true}]}}